{"id":1600,"date":"2022-09-11T22:41:54","date_gmt":"2022-09-11T20:41:54","guid":{"rendered":"http:\/\/jfwillms.de\/?page_id=1600"},"modified":"2024-02-09T13:04:06","modified_gmt":"2024-02-09T11:04:06","slug":"inner-leadership-kennenlernen-und-erfahren","status":"publish","type":"page","link":"https:\/\/www.jfwillms.de\/?page_id=1600","title":{"rendered":"Inner Leadership &#8211; kennenlernen und erfahren"},"content":{"rendered":"<p><a href=\"http:\/\/jfwillms.de\/wp-content\/uploads\/2022\/09\/lighthouse-934175_1280.jpg\"><img decoding=\"async\" loading=\"lazy\" class=\"alignleft size-medium wp-image-1603\" src=\"http:\/\/jfwillms.de\/wp-content\/uploads\/2022\/09\/lighthouse-934175_1280-300x169.jpg\" alt=\"\" width=\"300\" height=\"169\" srcset=\"https:\/\/www.jfwillms.de\/wp-content\/uploads\/2022\/09\/lighthouse-934175_1280-300x169.jpg 300w, https:\/\/www.jfwillms.de\/wp-content\/uploads\/2022\/09\/lighthouse-934175_1280-768x432.jpg 768w, https:\/\/www.jfwillms.de\/wp-content\/uploads\/2022\/09\/lighthouse-934175_1280-1024x576.jpg 1024w, https:\/\/www.jfwillms.de\/wp-content\/uploads\/2022\/09\/lighthouse-934175_1280.jpg 1280w\" sizes=\"(max-width: 300px) 100vw, 300px\" \/><\/a><\/p>\n<p>&nbsp;<\/p>\n<p>Onlineseminar 2h (live)<br \/>\nAchtsam sich und andere f\u00fchren mit Focusing:<\/p>\n<ul>\n<li>Was ist Inner Leadership?<\/li>\n<li>Wie kann ich Inner Leadership in der F\u00fchrung nutzen?<\/li>\n<li>Inner Leadership Ansatz mit kleinen \u00dcbungen erfahren<\/li>\n<\/ul>\n<p>&nbsp;<\/p>\n<p>\u2013<br \/>\nAnmeldung per email an <a href=\"mailto:mail@jfwillms.de\">mail@jfwillms.de<\/a><\/p>\n","protected":false},"excerpt":{"rendered":"<p>&nbsp; Onlineseminar 2h (live) Achtsam sich und andere f\u00fchren mit Focusing: Was ist Inner Leadership? Wie kann ich Inner Leadership in der F\u00fchrung nutzen? Inner Leadership Ansatz mit kleinen \u00dcbungen erfahren &nbsp; \u2013 Anmeldung per email an mail@jfwillms.de<\/p>\n","protected":false},"author":1,"featured_media":0,"parent":0,"menu_order":0,"comment_status":"closed","ping_status":"closed","template":"","meta":[],"_links":{"self":[{"href":"https:\/\/www.jfwillms.de\/index.php?rest_route=\/wp\/v2\/pages\/1600"}],"collection":[{"href":"https:\/\/www.jfwillms.de\/index.php?rest_route=\/wp\/v2\/pages"}],"about":[{"href":"https:\/\/www.jfwillms.de\/index.php?rest_route=\/wp\/v2\/types\/page"}],"author":[{"embeddable":true,"href":"https:\/\/www.jfwillms.de\/index.php?rest_route=\/wp\/v2\/users\/1"}],"replies":[{"embeddable":true,"href":"https:\/\/www.jfwillms.de\/index.php?rest_route=%2Fwp%2Fv2%2Fcomments&post=1600"}],"version-history":[{"count":6,"href":"https:\/\/www.jfwillms.de\/index.php?rest_route=\/wp\/v2\/pages\/1600\/revisions"}],"predecessor-version":[{"id":2023,"href":"https:\/\/www.jfwillms.de\/index.php?rest_route=\/wp\/v2\/pages\/1600\/revisions\/2023"}],"wp:attachment":[{"href":"https:\/\/www.jfwillms.de\/index.php?rest_route=%2Fwp%2Fv2%2Fmedia&parent=1600"}],"curies":[{"name":"wp","href":"https:\/\/api.w.org\/{rel}","templated":true}]}}