{"id":1944,"date":"2023-09-16T09:20:36","date_gmt":"2023-09-16T07:20:36","guid":{"rendered":"https:\/\/www.jfwillms.de\/?page_id=1944"},"modified":"2026-04-18T14:26:18","modified_gmt":"2026-04-18T12:26:18","slug":"innerleadership-seminar-hamburg-ottensen","status":"publish","type":"page","link":"https:\/\/www.jfwillms.de\/?page_id=1944","title":{"rendered":"InnerLeadership &#8211; Weg zur inneren Mitte Onlineseminar Mai 2026"},"content":{"rendered":"<p><a href=\"https:\/\/www.jfwillms.de\/wp-content\/uploads\/2024\/02\/Resilien.jpg\"><img decoding=\"async\" loading=\"lazy\" class=\"alignleft wp-image-2040 size-medium\" src=\"https:\/\/www.jfwillms.de\/wp-content\/uploads\/2024\/02\/Resilien-300x300.jpg\" alt=\"\" width=\"300\" height=\"300\" srcset=\"https:\/\/www.jfwillms.de\/wp-content\/uploads\/2024\/02\/Resilien-300x300.jpg 300w, https:\/\/www.jfwillms.de\/wp-content\/uploads\/2024\/02\/Resilien-150x150.jpg 150w, https:\/\/www.jfwillms.de\/wp-content\/uploads\/2024\/02\/Resilien.jpg 455w\" sizes=\"(max-width: 300px) 100vw, 300px\" \/><\/a><\/p>\n<p>&nbsp;<\/p>\n<h2><strong>Inner Leadership<br \/>\nWeg zur inneren Mitte<\/strong><\/h2>\n<p><strong>F\u00fchren und Entscheiden aus der Mitte<\/strong><\/p>\n<p>Online via Zoom<\/p>\n<p>mittwochs von 18:30 &#8211; 20:30 Uhr<\/p>\n<p>4 Termine: 6.+13.+20.+27.\u00a0 Mai 2026<\/p>\n<p>Anmeldung unter: <a href=\"mailto:mail@jfwillms.de\">mail@jfwillms.de<\/a><\/p>\n<p>Flyer:<\/p>\n<p>&nbsp;<\/p>\n<p>Mit dem InnerLeadership Ansatz lernen Sie einen Weg kennen, an Ihre inneren Sch\u00e4tze leichter heranzukommen. Da unser K\u00f6rper mehr wei\u00df als wir denken, hilft er uns an L\u00f6sungen heranzukommen, auf die wir sonst nicht kommen w\u00fcrden. Wir lernen eine ganz neue Form der Selbstf\u00fchrung, die uns in schwierigen Situationen und bei Entscheidungsprozessen sehr hilfreich ist.<\/p>\n<p>Gerade in dieser Zeit der starken Ver\u00e4nderung, braucht es die F\u00e4higkeit, rasch innere Klarheit zu finden, um Probleme passgenau und kreativ zu l\u00f6sen. Mit der InnerLeadership Methode lernen Sie, systematisch die eigene K\u00f6rperintelligenz zu entschl\u00fcsseln und k\u00f6nnen so Verstand, Bauch und Ihr intuitives Wissen besser miteinander verkn\u00fcpfen. Dadurch entstehen neue Perspektiven, stimmigere Entscheidungen und eine klarere F\u00fchrung \u2013 im Inneren und im Au\u00dfen.<\/p>\n<p><strong>Inhalte:<\/strong><\/p>\n<ul>\n<li>InnerLeadership \u2013 Aus der inneren Mitte heraus sich und andere f\u00fchren<\/li>\n<li>Wie Sie systematisch zu kreativen Einsichten gelangen<\/li>\n<li>Den \u201eFelt Sense\u201c als unseren inneren \u201eNavi\u201c entdecken<\/li>\n<li>Entscheidungen mit Kopf, Herz und Bauch treffen<\/li>\n<li>Abstand und Freiraum zu Stress und Problemen finden<\/li>\n<li>Durch sch\u00f6pferisches Zuh\u00f6ren neue R\u00e4ume \u00f6ffnen<\/li>\n<li>Wie Absichtslosigkeit, radikale Akzeptanz und die Haltung des Nicht-<br \/>\nWissens Sie auf neue Gedanken bringen<\/li>\n<\/ul>\n<p>&nbsp;<\/p>\n<p><strong>Zielgruppe:<\/strong><br \/>\nF\u00fcr alle, die&#8230;<\/p>\n<ul>\n<li>eine klare Orientierung und Gelassenheit in ungewissen Zeiten w\u00fcnschen<\/li>\n<li>ein Denken und F\u00fchren aus der Verbundenheit lernen m\u00f6chten<\/li>\n<li>die Bereitschaft, t\u00e4glich einen Moment f\u00fcr Meditation im Alltag mitbringen.<\/li>\n<\/ul>\n<p>Maximal 14 TeilnehmerInnen, keine Vor-Erfahrungen n\u00f6tig<\/p>\n<p>&nbsp;<\/p>\n<p><strong>Zeiten:<br \/>\n<\/strong><\/p>\n<p>mittwochs von 18:30 &#8211; 20:30 Uhr<\/p>\n<p>6.+13.+20.+27.\u00a0 Mai 2026<\/p>\n<p>&nbsp;<\/p>\n<p><strong>Preis:<\/strong><\/p>\n<p>245 Euro f\u00fcr Privatpersonen, 330 Euro f\u00fcr FirmenzahlerInnen, inkl. Arbeitspapiere und \u00dcbungsanleitungen<\/p>\n<p>&nbsp;<\/p>\n<p><strong>Leitung:<\/strong><\/p>\n<p><a href=\"https:\/\/www.jfwillms.de\/wp-content\/uploads\/2019\/09\/ILOA7475_c.jpg\"><img decoding=\"async\" loading=\"lazy\" class=\"alignleft size-medium wp-image-367\" src=\"https:\/\/www.jfwillms.de\/wp-content\/uploads\/2019\/09\/ILOA7475_c-235x300.jpg\" alt=\"\" width=\"235\" height=\"300\" srcset=\"https:\/\/www.jfwillms.de\/wp-content\/uploads\/2019\/09\/ILOA7475_c-235x300.jpg 235w, https:\/\/www.jfwillms.de\/wp-content\/uploads\/2019\/09\/ILOA7475_c-768x981.jpg 768w, https:\/\/www.jfwillms.de\/wp-content\/uploads\/2019\/09\/ILOA7475_c-802x1024.jpg 802w, https:\/\/www.jfwillms.de\/wp-content\/uploads\/2019\/09\/ILOA7475_c.jpg 1093w\" sizes=\"(max-width: 235px) 100vw, 235px\" \/><\/a><\/p>\n<p>&nbsp;<\/p>\n<p><strong>Jan-Fredo Willms<\/strong>, Dipl. Psych. Systemischer Coach und Berater, F\u00fchrungskr\u00e4ftetrainer, K\u00f6rpertherapeut (nach Pesso), Lehrtrainer f\u00fcr Focusing, www.jfwillms.de<\/p>\n<p>&nbsp;<\/p>\n<p>Bitte melden Sie sich mit Namen, Anschrift, Email, Telefon und Beruf unter <a href=\"mailto:mail@jfwillms.de\">mail@jfwillms.de<\/a> an.<\/p>\n<p>&nbsp;<\/p>\n<p>&nbsp;<\/p>\n","protected":false},"excerpt":{"rendered":"<p>&nbsp; Inner Leadership Weg zur inneren Mitte F\u00fchren und Entscheiden aus der Mitte Online via Zoom mittwochs von 18:30 &#8211; 20:30 Uhr 4 Termine: 6.+13.+20.+27.\u00a0 Mai 2026 Anmeldung unter: mail@jfwillms.de Flyer: &nbsp; Mit dem InnerLeadership Ansatz lernen Sie einen Weg kennen, an Ihre inneren Sch\u00e4tze leichter heranzukommen. Da unser K\u00f6rper mehr wei\u00df als wir denken,&hellip; <a href=\"https:\/\/www.jfwillms.de\/?page_id=1944\">Read More<\/a><\/p>\n","protected":false},"author":1,"featured_media":0,"parent":0,"menu_order":0,"comment_status":"closed","ping_status":"closed","template":"","meta":[],"_links":{"self":[{"href":"https:\/\/www.jfwillms.de\/index.php?rest_route=\/wp\/v2\/pages\/1944"}],"collection":[{"href":"https:\/\/www.jfwillms.de\/index.php?rest_route=\/wp\/v2\/pages"}],"about":[{"href":"https:\/\/www.jfwillms.de\/index.php?rest_route=\/wp\/v2\/types\/page"}],"author":[{"embeddable":true,"href":"https:\/\/www.jfwillms.de\/index.php?rest_route=\/wp\/v2\/users\/1"}],"replies":[{"embeddable":true,"href":"https:\/\/www.jfwillms.de\/index.php?rest_route=%2Fwp%2Fv2%2Fcomments&post=1944"}],"version-history":[{"count":16,"href":"https:\/\/www.jfwillms.de\/index.php?rest_route=\/wp\/v2\/pages\/1944\/revisions"}],"predecessor-version":[{"id":2467,"href":"https:\/\/www.jfwillms.de\/index.php?rest_route=\/wp\/v2\/pages\/1944\/revisions\/2467"}],"wp:attachment":[{"href":"https:\/\/www.jfwillms.de\/index.php?rest_route=%2Fwp%2Fv2%2Fmedia&parent=1944"}],"curies":[{"name":"wp","href":"https:\/\/api.w.org\/{rel}","templated":true}]}}