{"id":5,"date":"2013-07-05T14:53:32","date_gmt":"2013-07-05T12:53:32","guid":{"rendered":"http:\/\/jfwillms.de\/?page_id=5"},"modified":"2025-03-04T00:45:28","modified_gmt":"2025-03-03T22:45:28","slug":"training","status":"publish","type":"page","link":"https:\/\/www.jfwillms.de\/?page_id=5","title":{"rendered":"Training &#038; Coaching"},"content":{"rendered":"<table style=\"width: 100%;\" border=\"0\" cellspacing=\"1\" cellpadding=\"1\">\n<tbody>\n<tr>\n<td style=\"width: 430px;\"><a href=\"http:\/\/jfwillms.de\/wp-content\/uploads\/2013\/07\/Fotolia_10774882_XS.jpg\"><img decoding=\"async\" loading=\"lazy\" class=\"alignnone size-full wp-image-72\" src=\"http:\/\/jfwillms.de\/wp-content\/uploads\/2013\/07\/Fotolia_10774882_XS.jpg\" alt=\"steering wheel\" width=\"293\" height=\"218\" srcset=\"https:\/\/www.jfwillms.de\/wp-content\/uploads\/2013\/07\/Fotolia_10774882_XS.jpg 402w, https:\/\/www.jfwillms.de\/wp-content\/uploads\/2013\/07\/Fotolia_10774882_XS-300x222.jpg 300w\" sizes=\"(max-width: 293px) 100vw, 293px\" \/><\/a><\/td>\n<td>\n<h2>\n<span style=\"font-size: 16px;\">Training in der Gruppe oder<br \/>\nCoaching im Einzelsetting zu folgenden Themen:<\/span><\/h2>\n<ul>\n<li><span style=\"font-size: 14px;\">Leadership &amp; F\u00fchrung<\/span><\/li>\n<li><span style=\"font-size: 14px;\">Changemanagement<\/span><\/li>\n<li><span style=\"font-size: 14px;\">Kommunikation &amp; Konflikt<\/span><\/li>\n<li><span style=\"font-size: 14px;\">Moderation und Pr\u00e4sentation<\/span><\/li>\n<li><span style=\"font-size: 14px;\">Zeit- Priorit\u00e4ten und Selbstmanagement<\/span><\/li>\n<li><span style=\"font-size: 14px;\">Stressmanagement &amp; Resilienztraining<\/span><\/li>\n<li>Achtsamkeit &amp; Mindfulness<\/li>\n<li><span style=\"font-size: 14px;\">Emotionsmanagement &amp; Emotionale Intelligenz<\/span><\/li>\n<li><span style=\"font-size: 14px;\">Teamtraining<\/span><\/li>\n<li><span style=\"font-size: 14px;\">Kreativit\u00e4t und Innovation<\/span><\/li>\n<\/ul>\n<p>&nbsp;<\/p>\n<p>NEU:<a title=\"\" href=\"http:\/\/jfwillms.de\/?page_id=6\" target=\"\" rel=\"noopener\"><img decoding=\"async\" loading=\"lazy\" class=\"alignnone size-medium wp-image-438\" title=\"\" src=\"http:\/\/jfwillms.de\/wp-content\/uploads\/2019\/11\/LOGO_IL-300x89.jpg\" alt=\"\" width=\"186\" height=\"51\" \/><\/a><\/p>\n<ul>\n<li><span style=\"font-size: 14px;\"><a href=\"http:\/\/jfwillms.de\/?page_id=6\">Inner Leadership I <\/a>&#8211; Sicher durch die Unsicherheit<br \/>\n<\/span><\/li>\n<li><span style=\"font-size: 14px;\"><a href=\"?page_id=6\">Inner Leadership II <\/a>&#8211; Mindset f\u00fcr die neue Arbeitswelt<br \/>\n<\/span><\/li>\n<\/ul>\n<p>&nbsp;<\/p>\n<p>&nbsp;<\/p>\n<p><span style=\"font-size: 18px;\">Focusing Seminare und Ausbildung in Focusing<\/span><\/p>\n<ul>\n<li><span style=\"font-size: 14px;\">Focusing <a href=\"http:\/\/jfwillms.de\/?page_id=387\">Seminare<\/a><\/span><\/li>\n<li><span style=\"font-size: 14px;\">Focusing <a href=\"http:\/\/jfwillms.de\/?page_id=387\">Ausbildung Basis<\/a> (Begleiter)<\/span><\/li>\n<li><span style=\"font-size: 14px;\">Focusing <a href=\"http:\/\/jfwillms.de\/?page_id=387\">Ausbildung Vertiefung <\/a>(Berater &amp; Coach)<\/span><\/li>\n<\/ul>\n<p>&nbsp;<\/td>\n<\/tr>\n<\/tbody>\n<\/table>\n<p>&nbsp;<\/p>\n","protected":false},"excerpt":{"rendered":"<p>Training in der Gruppe oder Coaching im Einzelsetting zu folgenden Themen: Leadership &amp; F\u00fchrung Changemanagement Kommunikation &amp; Konflikt Moderation und Pr\u00e4sentation Zeit- Priorit\u00e4ten und Selbstmanagement Stressmanagement &amp; Resilienztraining Achtsamkeit &amp; Mindfulness Emotionsmanagement &amp; Emotionale Intelligenz Teamtraining Kreativit\u00e4t und Innovation &nbsp; NEU: Inner Leadership I &#8211; Sicher durch die Unsicherheit Inner Leadership II &#8211; Mindset f\u00fcr&hellip; <a href=\"https:\/\/www.jfwillms.de\/?page_id=5\">Read More<\/a><\/p>\n","protected":false},"author":1,"featured_media":0,"parent":0,"menu_order":0,"comment_status":"closed","ping_status":"open","template":"","meta":[],"_links":{"self":[{"href":"https:\/\/www.jfwillms.de\/index.php?rest_route=\/wp\/v2\/pages\/5"}],"collection":[{"href":"https:\/\/www.jfwillms.de\/index.php?rest_route=\/wp\/v2\/pages"}],"about":[{"href":"https:\/\/www.jfwillms.de\/index.php?rest_route=\/wp\/v2\/types\/page"}],"author":[{"embeddable":true,"href":"https:\/\/www.jfwillms.de\/index.php?rest_route=\/wp\/v2\/users\/1"}],"replies":[{"embeddable":true,"href":"https:\/\/www.jfwillms.de\/index.php?rest_route=%2Fwp%2Fv2%2Fcomments&post=5"}],"version-history":[{"count":47,"href":"https:\/\/www.jfwillms.de\/index.php?rest_route=\/wp\/v2\/pages\/5\/revisions"}],"predecessor-version":[{"id":2211,"href":"https:\/\/www.jfwillms.de\/index.php?rest_route=\/wp\/v2\/pages\/5\/revisions\/2211"}],"wp:attachment":[{"href":"https:\/\/www.jfwillms.de\/index.php?rest_route=%2Fwp%2Fv2%2Fmedia&parent=5"}],"curies":[{"name":"wp","href":"https:\/\/api.w.org\/{rel}","templated":true}]}}