{"id":6,"date":"2013-07-05T14:53:47","date_gmt":"2013-07-05T12:53:47","guid":{"rendered":"http:\/\/jfwillms.de\/?page_id=6"},"modified":"2025-03-04T01:05:21","modified_gmt":"2025-03-03T23:05:21","slug":"beratung","status":"publish","type":"page","link":"https:\/\/www.jfwillms.de\/?page_id=6","title":{"rendered":"InnerLeadership &#8211; von innen nach aussen"},"content":{"rendered":"<p style=\"text-align: center;\">\u00a0 \u00a0 \u00a0 \u00a0 \u00a0 \u00a0 \u00a0 \u00a0 \u00a0 \u00a0 \u00a0 \u00a0 \u00a0 \u00a0 \u00a0 \u00a0 \u00a0 \u00a0 \u00a0 \u00a0 \u00a0 \u00a0 \u00a0 \u00a0 \u00a0 \u00a0 \u00a0 \u00a0 \u00a0 \u00a0 \u00a0 \u00a0 \u00a0 \u00a0 \u00a0 \u00a0 \u00a0 \u00a0 \u00a0 \u00a0 \u00a0 \u00a0 \u00a0 \u00a0 \u00a0 \u00a0 \u00a0 \u00a0 \u00a0 \u00a0 \u00a0 \u00a0 \u00a0 \u00a0 \u00a0 \u00a0 \u00a0 \u00a0 \u00a0 \u00a0 \u00a0 \u00a0 \u00a0 \u00a0 \u00a0 \u00a0 \u00a0 \u00a0 \u00a0 \u00a0 \u00a0 \u00a0 \u00a0 \u00a0 \u00a0 \u00a0 \u00a0 \u00a0 \u00a0 \u00a0 \u00a0 \u00a0 \u00a0 \u00a0 \u00a0 \u00a0 \u00a0 \u00a0 \u00a0 \u00a0 \u00a0 \u00a0 \u00a0 \u00a0 \u00a0 \u00a0 \u00a0 \u00a0 \u00a0 \u00a0 \u00a0 \u00a0 \u00a0 \u00a0 \u00a0 \u00a0 \u00a0 \u00a0 \u00a0 \u00a0 \u00a0 \u00a0 \u00a0 \u00a0 \u00a0 \u00a0 \u00a0 \u00a0 \u00a0 \u00a0 \u00a0 \u00a0 \u00a0 \u00a0 \u00a0 \u00a0 \u00a0 \u00a0 \u00a0 \u00a0 \u00a0 \u00a0 \u00a0 \u00a0 \u00a0 \u00a0 \u00a0 \u00a0 \u00a0\u00a0 <img decoding=\"async\" loading=\"lazy\" class=\"alignleft size-medium wp-image-57\" src=\"http:\/\/jfwillms.de\/wp-content\/uploads\/2013\/07\/Fotolia_23368406_XS-300x200.jpg\" alt=\"\" width=\"300\" height=\"200\" srcset=\"https:\/\/www.jfwillms.de\/wp-content\/uploads\/2013\/07\/Fotolia_23368406_XS-300x200.jpg 300w, https:\/\/www.jfwillms.de\/wp-content\/uploads\/2013\/07\/Fotolia_23368406_XS.jpg 424w\" sizes=\"(max-width: 300px) 100vw, 300px\" \/><\/p>\n<p>&nbsp;<\/p>\n<h3><span style=\"font-family: arial,helvetica,sans-serif;\">\u00a0\u00a0\u00a0\u00a0<strong>\u00a0 InnerLeadership &#8211;<br \/>\nDeinen inneren Navi entdecken!<\/strong><\/span><\/h3>\n<p>&nbsp;<\/p>\n<p>&nbsp;<\/p>\n<p>&nbsp;<\/p>\n<p>&nbsp;<\/p>\n<p>&nbsp;<\/p>\n<p><span style=\"font-size: 20px;\"><strong>InnerLeadership &#8211; Seminare online <\/strong><\/span><\/p>\n<p>aktuell: <a href=\"https:\/\/www.jfwillms.de\/?page_id=1944\">Onlineseminar Start im Januar 2025<\/a><\/p>\n<p><a href=\"https:\/\/www.jfwillms.de\/?page_id=1944\"><img decoding=\"async\" loading=\"lazy\" class=\"alignleft wp-image-2040 size-medium\" src=\"https:\/\/www.jfwillms.de\/wp-content\/uploads\/2024\/02\/Resilien-300x300.jpg\" alt=\"\" width=\"300\" height=\"300\" srcset=\"https:\/\/www.jfwillms.de\/wp-content\/uploads\/2024\/02\/Resilien-300x300.jpg 300w, https:\/\/www.jfwillms.de\/wp-content\/uploads\/2024\/02\/Resilien-150x150.jpg 150w, https:\/\/www.jfwillms.de\/wp-content\/uploads\/2024\/02\/Resilien.jpg 455w\" sizes=\"(max-width: 300px) 100vw, 300px\" \/><\/a><a href=\"https:\/\/www.jfwillms.de\/?page_id=1944\"><strong>Inner Leadership<br \/>\nWeg zur inneren Mitte<\/strong><\/a><\/p>\n<p><strong>F\u00fchren und Entscheiden aus der Mitte<\/strong><\/p>\n<p>Online via Zoom<\/p>\n<p>Dienstags von 18:30 \u2013 20:30 Uhr<\/p>\n<p>4 Termine:\u00a0 14. + 21. + 28. Januar\u00a0 und\u00a0 4. Februar 2025<\/p>\n<p>Flyer: <a href=\"https:\/\/www.jfwillms.de\/wp-content\/uploads\/2024\/10\/2025-01-14-Ausschreibung-InnerLeadership-Online-II-Fuehren-und-Entscheiden-2025.pdf\">InnerLeadership Seminar Januar 2025<\/a><\/p>\n<p>Anmeldung unter: <a href=\"mailto:mail@jfwillms.de\">mail@jfwillms.de<\/a><\/p>\n<p>&nbsp;<\/p>\n<p>&nbsp;<\/p>\n<p>&nbsp;<\/p>\n<p><img decoding=\"async\" loading=\"lazy\" class=\"alignleft size-medium wp-image-1310\" src=\"http:\/\/jfwillms.de\/wp-content\/uploads\/2013\/07\/Innerleadership-I-online-300x249.jpg\" alt=\"\" width=\"194\" height=\"162\" srcset=\"https:\/\/www.jfwillms.de\/wp-content\/uploads\/2013\/07\/Innerleadership-I-online-300x249.jpg 300w, https:\/\/www.jfwillms.de\/wp-content\/uploads\/2013\/07\/Innerleadership-I-online-768x636.jpg 768w, https:\/\/www.jfwillms.de\/wp-content\/uploads\/2013\/07\/Innerleadership-I-online.jpg 1021w\" sizes=\"(max-width: 194px) 100vw, 194px\" \/><strong>InnerLeadership I:<\/strong> Sicher durch die Unsicherheit<\/p>\n<ul>\n<li>Wie kann ich meinen inneren Navi in dieser bewegten Zeit<br \/>\nbesser nutzen?<\/li>\n<li>Was gibt mir Orientierung, Halt und Sicherheit?<\/li>\n<\/ul>\n<p>N\u00e4chster Kurs beginnt im n\u00e4chsten Jahr.<\/p>\n<p>&nbsp;<\/p>\n<p>&nbsp;<\/p>\n<p>&nbsp;<\/p>\n<p>&nbsp;<\/p>\n<p><strong>InnerLeadership II:<\/strong> F\u00fchren und Entscheiden aus der Mitte<\/p>\n<p><a href=\"http:\/\/jfwillms.de\/wp-content\/uploads\/2022\/07\/Ausschreibung-ILonline-2022-Jan-724x1024_cut.jpg\"><img decoding=\"async\" loading=\"lazy\" class=\"alignleft wp-image-1535\" src=\"http:\/\/jfwillms.de\/wp-content\/uploads\/2022\/07\/Ausschreibung-ILonline-2022-Jan-724x1024_cut-293x300.jpg\" alt=\"\" width=\"250\" height=\"256\" srcset=\"https:\/\/www.jfwillms.de\/wp-content\/uploads\/2022\/07\/Ausschreibung-ILonline-2022-Jan-724x1024_cut-293x300.jpg 293w, https:\/\/www.jfwillms.de\/wp-content\/uploads\/2022\/07\/Ausschreibung-ILonline-2022-Jan-724x1024_cut.jpg 720w\" sizes=\"(max-width: 250px) 100vw, 250px\" \/><\/a><\/p>\n<p>&nbsp;<\/p>\n<p>&nbsp;<\/p>\n<p><strong>InnerLeadership II:<\/strong> F\u00fchren und Entscheiden aus der Mitte<\/p>\n<ul>\n<li>Mein InnerLeadership gestalten<\/li>\n<li>Entscheidungen mit Kopf, Herz und Bauch<\/li>\n<li>K\u00f6rperintelligenz: Unseren Felt Sense als Ort des Wissens im K\u00f6rper nutzen<\/li>\n<\/ul>\n<p>Anmeldung per email an <a href=\"mailto:mail@jfwillms.de?subject=InnerLeadership%20online\">mail@jfwillms.de<\/a><\/p>\n<p>&nbsp;<\/p>\n<p>&nbsp;<\/p>\n<p>&nbsp;<\/p>\n<p><strong>InnerLeadership III:<\/strong> Methoden des kreativen Denkens<\/p>\n<p><img decoding=\"async\" loading=\"lazy\" class=\"alignleft size-medium wp-image-1650\" src=\"http:\/\/jfwillms.de\/wp-content\/uploads\/2023\/01\/screenshot-Ausschreibung-IL-III-2023-223x300.jpg\" alt=\"\" width=\"223\" height=\"300\" srcset=\"https:\/\/www.jfwillms.de\/wp-content\/uploads\/2023\/01\/screenshot-Ausschreibung-IL-III-2023-223x300.jpg 223w, https:\/\/www.jfwillms.de\/wp-content\/uploads\/2023\/01\/screenshot-Ausschreibung-IL-III-2023.jpg 738w\" sizes=\"(max-width: 223px) 100vw, 223px\" \/><\/p>\n<p>&nbsp;<\/p>\n<p><strong>InnerLeadership III:<\/strong> Methoden des kreativen Denkens<\/p>\n<ul>\n<li>Neue Wege entdecken, um L\u00f6sungen auf eine andere Art zu finden<\/li>\n<li>Methoden des kreativen Denkens erfahren<\/li>\n<li>Denk- und Erlebensr\u00e4ume \u00f6ffnen f\u00fcr neue Perspektiven<\/li>\n<\/ul>\n<p>Der n\u00e4chste Kurs findet wieder in 2024 statt.<\/p>\n<p>Anmeldung per email an <a href=\"mailto:mail@jfwillms.de?subject=InnerLeadership%20online\">mail@jfwillms.de<\/a><\/p>\n<p>&nbsp;<\/p>\n<p>&nbsp;<\/p>\n<p>&nbsp;<\/p>\n<p><strong>InnerLeadership IV<\/strong> &#8211; Mit dem Herzen sich und andere f\u00fchren<\/p>\n<p>Weitere Infos folgen in K\u00fcrze.<\/p>\n<p>Bei Interesse gerne ein email an:\u00a0 <a href=\"mailto:mail@jfwillms.de\">mail@jfwillms.de<\/a><\/p>\n<p>&nbsp;<\/p>\n<p>Weitere Infos und Termine auf Anfrage.<\/p>\n<p>&nbsp;<\/p>\n<p>&nbsp;<\/p>\n<p>&nbsp;<\/p>\n<p>&nbsp;<\/p>\n<p>&nbsp;<\/p>\n<p><span style=\"font-size: 20px;\"><strong>InnerLeadership &#8211; Seminare live <\/strong><\/span><\/p>\n<h2><\/h2>\n<h2><strong><a href=\"https:\/\/www.jfwillms.de\/wp-content\/uploads\/2020\/08\/sunflower-978354_1920c.jpg\"><img decoding=\"async\" loading=\"lazy\" class=\"alignleft size-medium wp-image-783\" src=\"https:\/\/www.jfwillms.de\/wp-content\/uploads\/2020\/08\/sunflower-978354_1920c-300x272.jpg\" alt=\"\" width=\"300\" height=\"272\" srcset=\"https:\/\/www.jfwillms.de\/wp-content\/uploads\/2020\/08\/sunflower-978354_1920c-300x272.jpg 300w, https:\/\/www.jfwillms.de\/wp-content\/uploads\/2020\/08\/sunflower-978354_1920c-768x696.jpg 768w, https:\/\/www.jfwillms.de\/wp-content\/uploads\/2020\/08\/sunflower-978354_1920c-1024x928.jpg 1024w, https:\/\/www.jfwillms.de\/wp-content\/uploads\/2020\/08\/sunflower-978354_1920c.jpg 1584w\" sizes=\"(max-width: 300px) 100vw, 300px\" \/><\/a><\/strong><\/h2>\n<h2><\/h2>\n<h2><strong>Der Weg zur inneren Mitte<\/strong><\/h2>\n<h4><\/h4>\n<p>Mit dem InnerLeadership Ansatz lernen Sie einen Weg kennen, an Ihre inneren Sch\u00e4tze leichter heranzukommen. Da unser K\u00f6rper mehr wei\u00df als wir denken, hilft er uns an L\u00f6sungen heranzukommen, auf die wir sonst nicht kommen w\u00fcrden. Wir lernen eine ganz neue Form der Selbstf\u00fchrung, die uns in schwierigen Situationen und bei Entscheidungsprozessen sehr hilfreich ist.<\/p>\n<p>Gerade in dieser Zeit der starken Ver\u00e4nderung, braucht es die F\u00e4higkeit, rasch innere Klarheit zu finden, um Probleme passgenau und kreativ zu l\u00f6sen. Mit der InnerLeadership Methode lernen Sie, systematisch die eigene K\u00f6rperintelligenz zu entschl\u00fcsseln und k\u00f6nnen so Verstand, Bauch und Ihr intuitives Wissen besser miteinander verkn\u00fcpfen. Dadurch entstehen neue Perspektiven, stimmigere Entscheidungen und eine klarere F\u00fchrung \u2013 im Inneren und im Au\u00dfen.<\/p>\n<p>&nbsp;<\/p>\n<p><strong>Inhalte:<\/strong><\/p>\n<ul>\n<li>InnerLeadership \u2013 Aus der inneren Mitte heraus sich und andere f\u00fchren<\/li>\n<li>Wie Sie systematisch zu kreativen Einsichten gelangen<\/li>\n<li>Den \u201eFelt Sense\u201c als unseren inneren \u201eNavi\u201c entdecken<\/li>\n<li>Entscheidungen mit Kopf, Herz und Bauch treffen<\/li>\n<li>Abstand und Freiraum zu Stress und Problemen finden<\/li>\n<li>Durch sch\u00f6pferisches Zuh\u00f6ren neue R\u00e4ume \u00f6ffnen<\/li>\n<li>Wie Absichtslosigkeit, radikale Akzeptanz und die Haltung des Nicht-<br \/>\nWissens Sie auf neue Gedanken bringen<\/li>\n<\/ul>\n<p>&nbsp;<\/p>\n<p><strong>Zielgruppe:<\/strong><br \/>\nF\u00fcr alle, die&#8230;<\/p>\n<ul>\n<li>eine klare Orientierung und Gelassenheit in ungewissen Zeiten w\u00fcnschen<\/li>\n<li>ein Denken und F\u00fchren aus der Verbundenheit lernen m\u00f6chten<\/li>\n<li>die Bereitschaft, t\u00e4glich einen Moment f\u00fcr Meditation im Alltag mitbringen.<\/li>\n<\/ul>\n<p>Maximal 12 TeilnehmerInnen, keine Vor-Erfahrungen n\u00f6tig<\/p>\n<p>&nbsp;<\/p>\n<p><strong>Zeiten &amp; Ort<br \/>\n<\/strong><\/p>\n<p>(Samstag von 10-17 Uhr und Sonntag 10\u201316 Uhr)\u00a0 in Hamburg-Ottensen, Erdmannstra\u00dfe 14<\/p>\n<p>&nbsp;<\/p>\n<p><strong>Preis:<\/strong><\/p>\n<p>295 Euro f\u00fcr Privatpersonen, 370 Euro f\u00fcr FirmenzahlerInnen, inkl. Arbeitspapiere und \u00dcbungsanleitungen<\/p>\n<p>&nbsp;<\/p>\n<p>&nbsp;<\/p>\n<p><span style=\"font-size: 16px;\"><strong>InnerLeadership &#8211; Mindset f\u00fcr die neue Arbeitswelt <\/strong><\/span><\/p>\n<p>Die <img decoding=\"async\" loading=\"lazy\" class=\"size-medium wp-image-322 alignleft\" title=\"\" src=\"http:\/\/jfwillms.de\/wp-content\/uploads\/2017\/07\/Bild_solo-3-300x260.jpg\" alt=\"\" width=\"200\" height=\"175\" \/>Herausforderungen in der F\u00fchrung und im beruflichen Alltag lassen sich nicht mehr mit dem gewohnten<br \/>\nDenken der Vergangenheit l\u00f6sen.In Zeiten permanenter Ver\u00e4nderungsprozesse braucht<br \/>\nes die F\u00e4higkeit, rasch innere Klarheit zu finden, um Probleme passgenau und kreativ zu l\u00f6sen.<br \/>\nDie Logik und das bewusste Nachdenken alleine sind ab einem bestimmten Grad der Komplexit\u00e4t \u00fcberfordert.<\/p>\n<p style=\"margin-left: 40px;\">Mit der InnerLeadership Methode lernen Sie f\u00fcr solche Herausforderungen systematisch die eigene K\u00f6rperintelligenz<br \/>\nzu entschl\u00fcsseln und k\u00f6nnen so Kopf, Bauch und Ihr intuitives Wissen besser miteinander verkn\u00fcpfen, um klarer zu<br \/>\nentscheiden oder eine stimmige L\u00f6sung zu finden.<\/p>\n<p>&nbsp;<\/p>\n<p>&nbsp;<\/p>\n<p>&nbsp;<\/p>\n<p style=\"margin-left: 120px;\"><strong>Inhalt<\/strong><\/p>\n<ul style=\"margin-left: 160px;\">\n<li>Neurowissenschaftliche Erkenntnisse \u00fcber Entscheidungen und Geistesblitze<\/li>\n<li>Abstand und Freiraum zu Stress und Problemen finden<\/li>\n<li>Wie Absichtslosigkeit, radikale Akzeptanz und die Haltung des Nicht-Wissens<br \/>\nSie auf neue Gedanken bringen<\/li>\n<li>Die Kraft der Meditation f\u00fcr den Erkenntnisprozess<\/li>\n<li>Eine Entscheidung mit Kopf, Herz und Bauch treffen<\/li>\n<li>Felt Sense: Der Ort des Wissens im K\u00f6rper<\/li>\n<li>Probleme und Herausforderungen kreativ l\u00f6sen<\/li>\n<\/ul>\n<p>&nbsp;<\/p>\n<p style=\"margin-left: 120px;\"><strong>Zielgruppe<\/strong><\/p>\n<p style=\"margin-left: 120px;\">F\u00fchrungskr\u00e4fte und Selbst\u00e4ndige, die:<\/p>\n<ul style=\"margin-left: 160px;\">\n<li>ihre Entscheidungs- und Probleml\u00f6sekompetenz verbessern<\/li>\n<li>ihr Mindset auf eine F\u00fchrungskultur der Zukunft einstellen und die<\/li>\n<li>angesichts von Unsicherheit und Komplexit\u00e4t souver\u00e4n und gelassen bleiben m\u00f6chten.<\/li>\n<\/ul>\n<p>&nbsp;<\/p>\n<p style=\"margin-left: 120px;\"><strong>Sie lernen<\/strong><\/p>\n<p style=\"margin-left: 120px;\">Eine effektive Selbstcoaching Methode kennen, um<\/p>\n<ul style=\"margin-left: 160px;\">\n<li>Herausforderungen passgenau und kreativ zu l\u00f6sen<\/li>\n<li>ihre F\u00e4higkeit zu stimmigen und nachhaltigen Entscheidungen zu verbessern<\/li>\n<li>heilsamen Abstand zu Problemen zu finden und damit Burnout vorzubeugen<\/li>\n<li>ihre Kreativit\u00e4t, Agilit\u00e4t und Innovationskraft zu verbessern<\/li>\n<li>sich selbst aus der Mitte zu f\u00fchren und Aktionismus oder Au\u00dfensteuerung zu vermeiden.<\/li>\n<\/ul>\n<p>&nbsp;<\/p>\n<p style=\"margin-left: 120px;\"><strong>Seminar<\/strong><\/p>\n<p style=\"margin-left: 120px;\"><strong>Einf\u00fchrungskurs 2 Tage plus Option<\/strong> f\u00fcr 1-3 Sitzungen Einzelcoaching pro Teilnehmer. M\u00f6glich sind ausserdem weitere Aufbauseminare, in denen die Methodenkompetenz zur achtsamen Probleml\u00f6sung und Entscheidungsfindung vertieft wird.<br \/>\nBitte sprechen Sie uns an, wenn Sie Interesse an diesem Seminar haben und wir unterbreiten Ihnen ein ma\u00dfgeschneidertes Angebot.<\/p>\n<p>&nbsp;<\/p>\n<p>&nbsp;<\/p>\n<p><strong><span style=\"left: 251.667px; top: 105.59px; font-size: 40px; font-family: sans-serif; transform: scaleX(0.879869);\"><span style=\"font-size: 20px;\">Inner Leadership &#8211; Sicher durch die Unsicherheit<\/span><\/span><\/strong><\/p>\n<p><span style=\"font-size: 14px;\"><span style=\"left: 271.667px; top: 277.185px; font-family: sans-serif; transform: scaleX(0.884023);\">In unser<\/span><\/span><img decoding=\"async\" loading=\"lazy\" class=\"size-medium wp-image-322 alignleft\" title=\"\" src=\"http:\/\/jfwillms.de\/wp-content\/uploads\/2017\/07\/Bild_solo-3-300x260.jpg\" alt=\"\" width=\"232\" height=\"202\" srcset=\"https:\/\/www.jfwillms.de\/wp-content\/uploads\/2017\/07\/Bild_solo-3-300x260.jpg 300w, https:\/\/www.jfwillms.de\/wp-content\/uploads\/2017\/07\/Bild_solo-3.jpg 390w\" sizes=\"(max-width: 232px) 100vw, 232px\" \/><span style=\"font-size: 14px;\"><span style=\"left: 271.667px; top: 277.185px; font-family: sans-serif; transform: scaleX(0.884023);\">er\u00a0<\/span>Probleml\u00f6sekompeten<span style=\"left: 271.667px; top: 277.185px; font-family: sans-serif; transform: scaleX(0.884023);\"> hochkomplexen, schnelllebigen Arbeitswelt wird es immer schwieriger,<br \/>\ndie <\/span><span style=\"left: 271.667px; top: 297.185px; font-family: sans-serif; transform: scaleX(0.872119);\">Auswirkungen von Entscheidungen voraus zu sehen. Sicher ist eigentlich nur, dass alles <\/span><span style=\"left: 271.667px; top: 317.185px; font-family: sans-serif; transform: scaleX(0.877382);\">ungewiss ist.<br \/>\nDies f\u00fchrt in der Regel zu erh\u00f6htem Angst- und Stresserleben.<\/span><\/span><\/p>\n<p><span style=\"font-size: 14px;\"><span style=\"left: 271.667px; top: 357.185px; font-family: sans-serif; transform: scaleX(0.877832);\">In d<\/span><\/span><span style=\"font-size: 14px;\"><span style=\"left: 271.667px; top: 357.185px; font-family: sans-serif; transform: scaleX(0.877832);\">iesem Umfeld von Unsicherheit wird es wichtiger denn je, Ruhe, Gelassenheit und <\/span><span style=\"left: 271.667px; top: 377.185px; font-family: sans-serif; transform: scaleX(0.881403);\">Orientierung<br \/>\nin sich selbst zu finden. Mit der InnerLeadership Methode lernen Sie, die eigene <\/span><span style=\"left: 271.667px; top: 397.185px; font-family: sans-serif; transform: scaleX(0.883065);\">K\u00f6rperintelligenz<br \/>\nzu entschl\u00fcsseln, statt nur Ihrem rationalen Denken oder Regeln zu folgen.<\/span><\/span><\/p>\n<p><span style=\"font-size: 14px;\"><span style=\"left: 271.667px; top: 417.185px; font-family: sans-serif; transform: scaleX(0.881413);\">Diese F\u00e4higkeit zusammen mit der Ausrichtung an Ihren Werten und Zielen st\u00e4rken Vertrauen <\/span><span style=\"left: 271.667px; top: 437.185px; font-family: sans-serif; transform: scaleX(0.892081);\">und Selbstvertrauen.<br \/>\nEine gute Fehlerkultur f\u00f6rdert Kreativit\u00e4t und <\/span><span style=\"left: 752.257px; top: 437.185px; font-family: sans-serif; transform: scaleX(0.884691);\">verhindert L\u00e4hmung <\/span><\/span><span style=\"left: 271.667px; top: 457.185px; font-family: sans-serif; transform: scaleX(0.869908);\"><span style=\"font-size: 14px;\">angesichts der Ungewissheit<\/span>.<\/span><\/p>\n<p>&nbsp;<\/p>\n<p>&nbsp;<\/p>\n<p style=\"margin-left: 120px;\"><span style=\"font-size: 14px;\"><strong>Inhalt<\/strong><\/span><\/p>\n<ul style=\"margin-left: 160px;\">\n<li><span style=\"font-size: 14px;\"><span style=\"left: 291.415px; top: 483.852px; font-family: sans-serif; transform: scaleX(0.871442);\">Die Herausforderungen der VUCA-Welt<\/span><\/span><\/li>\n<li><span style=\"font-size: 14px;\"><span style=\"left: 286.667px; top: 505.518px; font-family: sans-serif; transform: scaleX(0.897425);\">Freiraum, Stabilit\u00e4t<\/span><span style=\"left: 429.245px; top: 505.518px; font-family: sans-serif; transform: scaleX(0.895791);\"> und Innere Achtsamkeit kultivieren<\/span><\/span><\/li>\n<li><span style=\"font-size: 14px;\"><span style=\"left: 286.667px; top: 527.185px; font-family: sans-serif; transform: scaleX(0.883655);\">Wie vision\u00e4re Kr\u00e4fte Orientierung geben<\/span><\/span><\/li>\n<li><span style=\"font-size: 14px;\"><span style=\"left: 286.667px; top: 548.852px; font-family: sans-serif; transform: scaleX(0.885826);\">Anf\u00e4nger Geist: Vertrauen in das Nicht-Wissen<\/span><\/span><\/li>\n<li><span style=\"font-size: 14px;\"><span style=\"left: 286.667px; top: 570.518px; font-family: sans-serif; transform: scaleX(0.870644);\">Wie der \u201eFelt Sense\u201c Sicherheit geben kann<\/span><\/span><\/li>\n<li><span style=\"font-size: 14px;\"><span style=\"left: 286.667px; top: 592.185px; font-family: sans-serif; transform: scaleX(0.884263);\">Achtsamer Umgang mit dem Gef\u00fchl von Unsicherheit<\/span><\/span><\/li>\n<li><span style=\"font-size: 14px;\"><span style=\"left: 286.667px; top: 613.852px; font-family: sans-serif; transform: scaleX(0.872);\">Eine gute<\/span><span style=\"left: 286.667px; top: 635.518px; font-family: sans-serif; transform: scaleX(0.890286);\"> Fehlerkultur entwickeln: Grossz\u00fcgigkeit und Akzeptanz statt innerem Kritiker<\/span><\/span><\/li>\n<li><span style=\"font-size: 14px;\"><span style=\"left: 286.667px; top: 635.518px; font-family: sans-serif; transform: scaleX(0.890286);\">Sicherheit durch <\/span><span style=\"left: 413.607px; top: 635.518px; font-family: sans-serif; transform: scaleX(0.882117);\">Zugang zur Stimme der inneren Weisheit<\/span><\/span><\/li>\n<\/ul>\n<p>&nbsp;<\/p>\n<p style=\"margin-left: 120px;\"><span style=\"font-size: 14px;\"><strong>Zielgruppe<\/strong><\/span><\/p>\n<p style=\"margin-left: 120px;\"><span style=\"font-size: 14px;\"><span style=\"left: 271.667px; top: 680.518px; font-family: sans-serif; transform: scaleX(0.870068);\">Selbst\u00e4ndige, Entscheidungstr\u00e4ger und alle, die:<\/span><\/span><\/p>\n<ul style=\"margin-left: 160px;\">\n<li><span style=\"font-size: 14px;\"><span style=\"left: 286.667px; top: 702.185px; font-family: sans-serif; transform: scaleX(0.883068);\">eine klare Orientierung in unsicheren Zeiten w\u00fcnschen<\/span><\/span><\/li>\n<li><span style=\"font-size: 14px;\"><span style=\"left: 286.667px; top: 723.852px; font-family: sans-serif; transform: scaleX(0.879626);\">Unsicherheit als Herausforderung zu mehr innerer Gelassenheit und Klarheit nutzen <\/span><span style=\"left: 286.667px; top: 745.518px; font-family: sans-serif; transform: scaleX(0.915984);\">wollen<\/span><\/span><\/li>\n<li><span style=\"font-size: 14px;\"><span style=\"left: 286.667px; top: 767.185px; font-family: sans-serif; transform: scaleX(0.887169);\">eine systematische Methode suchen, ihr Mindset auf die Arbeitswelt 4.0 auszurichten<\/span><\/span><\/li>\n<\/ul>\n<p style=\"margin-left: 120px;\"><span style=\"font-size: 14px;\"><strong>Nutzen<\/strong><\/span><\/p>\n<ul style=\"margin-left: 160px;\">\n<li><span style=\"font-size: 14px;\"><span style=\"left: 286.667px; top: 813.852px; font-family: sans-serif; transform: scaleX(0.852376);\">Sie lernen,<\/span><span style=\"left: 361.338px; top: 813.852px; font-family: sans-serif; transform: scaleX(0.895111);\"> mit Hilfe der InnerLeadership Methode mit Ungewissheit konstruktiv <\/span><span style=\"left: 286.667px; top: 835.518px; font-family: sans-serif; transform: scaleX(0.861998);\">umzugehen<\/span><\/span><\/li>\n<li><span style=\"font-size: 14px;\"><span style=\"left: 286.667px; top: 857.185px; font-family: sans-serif; transform: scaleX(0.872116);\">Sie finden zu gr\u00f6\u00dferer Gelassenheit, Entscheidungsf\u00e4higkeit und Fehlertoleranz<\/span><\/span><\/li>\n<li><span style=\"font-size: 14px;\"><span style=\"left: 286.667px; top: 878.852px; font-family: sans-serif; transform: scaleX(0.889323);\">Sie finden heraus, was Ihnen wirklich wichtig ist und machen dies zu Ihrem Leitstern<\/span><\/span><\/li>\n<\/ul>\n<p>&nbsp;<\/p>\n<p><span style=\"font-size: 14px;\"><span style=\"left: 286.667px; top: 878.852px; font-family: sans-serif; transform: scaleX(0.889323);\">\u00a0\u00a0\u00a0\u00a0\u00a0\u00a0\u00a0\u00a0\u00a0\u00a0\u00a0\u00a0\u00a0\u00a0\u00a0\u00a0\u00a0\u00a0<strong> \u00a0\u00a0\u00a0\u00a0\u00a0\u00a0\u00a0\u00a0\u00a0 Teilnehmerstimmen zu unserem Seminar\u00a0 im Elsa-Brandstr\u00f6mhaus:<\/strong><\/span><\/span><\/p>\n<p>\u201eDas Seminar ist praxisnah, und bietet sofort umsetzbare Techniken in einer sehr wertsch\u00e4tzenden Atmosph\u00e4re<br \/>\nin einer nicht zu gro\u00dfen Gruppe.\u201c\u00a0\u00a0\u00a0\u00a0\u00a0\u00a0\u00a0 <em>Dr.med. Kerstin Finger, Templin<\/em><\/p>\n<p>\u201e.Ich habe viele hilfreiche Methoden kennengelernt.\u201c<\/p>\n<p>\u201eIch habe die Ruhe, das tolle Ambiente und die Auszeit genossen, um mich selbst besser kennen<br \/>\nzu lernen. Ich konnte die Hilfe und Anleitung eines erfahrenen psychologischen Teams nutzen.\u201c <em>Dr. Anja S., Hamburg<\/em><\/p>\n<p>\u201eEs gab viele gut angeleitete Meditations\u00fcbungen\u201c\u00a0\u00a0\u00a0\u00a0\u00a0\u00a0 <em>Thomas Haskamp, Hamburg<\/em><\/p>\n<p>&#8222;Das Seminar zeigt eine ungewohnte, ganz neue Methode auf, Probleme im Alltag durch Perspektiv- Wechsel<br \/>\nund \u201eF\u00fchlen im K\u00f6rper\u201c zu l\u00f6sen.\u201c<\/p>\n<p>\u201eEs war ein sehr kraftvolles und beeindruckendes Seminar! Vielen Dank!\u201c<\/p>\n<p>\u201eDas Seminar hat mir viel Ruhe und Freude gebracht.&#8220;<\/p>\n<p>\u201eBereichernd und inspirierend\u201c\u00a0\u00a0\u00a0\u00a0 <em>Franziska v.T., Hamburg<\/em><\/p>\n<p>&nbsp;<\/p>\n<p>&nbsp;<\/p>\n<p>&nbsp;<\/p>\n<p style=\"text-align: center;\"><img decoding=\"async\" loading=\"lazy\" class=\"size-medium wp-image-438 aligncenter\" style=\"float: left;\" title=\"\" src=\"http:\/\/jfwillms.de\/wp-content\/uploads\/2019\/11\/LOGO_IL-300x89.jpg\" alt=\"\" width=\"453\" height=\"134\" srcset=\"https:\/\/www.jfwillms.de\/wp-content\/uploads\/2019\/11\/LOGO_IL-300x89.jpg 300w, https:\/\/www.jfwillms.de\/wp-content\/uploads\/2019\/11\/LOGO_IL-768x227.jpg 768w, https:\/\/www.jfwillms.de\/wp-content\/uploads\/2019\/11\/LOGO_IL-1024x303.jpg 1024w, https:\/\/www.jfwillms.de\/wp-content\/uploads\/2019\/11\/LOGO_IL.jpg 1562w\" sizes=\"(max-width: 453px) 100vw, 453px\" \/><\/p>\n<p>&nbsp;<\/p>\n<p>&nbsp;<\/p>\n<p>&nbsp;<\/p>\n<p>&nbsp;<\/p>\n<table border=\"0\" width=\"546\" cellspacing=\"1\" cellpadding=\"1\">\n<tbody>\n<tr>\n<td style=\"width: 430px;\">\n<p style=\"text-align: center;\">\n<\/td>\n<td><\/td>\n<\/tr>\n<\/tbody>\n<\/table>\n","protected":false},"excerpt":{"rendered":"<p>\u00a0 \u00a0 \u00a0 \u00a0 \u00a0 \u00a0 \u00a0 \u00a0 \u00a0 \u00a0 \u00a0 \u00a0 \u00a0 \u00a0 \u00a0 \u00a0 \u00a0 \u00a0 \u00a0 \u00a0 \u00a0 \u00a0 \u00a0 \u00a0 \u00a0 \u00a0 \u00a0 \u00a0 \u00a0 \u00a0 \u00a0 \u00a0 \u00a0 \u00a0 \u00a0 \u00a0 \u00a0 \u00a0 \u00a0 \u00a0 \u00a0 \u00a0 \u00a0 \u00a0 \u00a0 \u00a0 \u00a0 \u00a0 \u00a0 \u00a0 \u00a0 \u00a0 \u00a0 \u00a0 \u00a0&hellip; <a href=\"https:\/\/www.jfwillms.de\/?page_id=6\">Read More<\/a><\/p>\n","protected":false},"author":1,"featured_media":0,"parent":0,"menu_order":0,"comment_status":"closed","ping_status":"open","template":"","meta":[],"_links":{"self":[{"href":"https:\/\/www.jfwillms.de\/index.php?rest_route=\/wp\/v2\/pages\/6"}],"collection":[{"href":"https:\/\/www.jfwillms.de\/index.php?rest_route=\/wp\/v2\/pages"}],"about":[{"href":"https:\/\/www.jfwillms.de\/index.php?rest_route=\/wp\/v2\/types\/page"}],"author":[{"embeddable":true,"href":"https:\/\/www.jfwillms.de\/index.php?rest_route=\/wp\/v2\/users\/1"}],"replies":[{"embeddable":true,"href":"https:\/\/www.jfwillms.de\/index.php?rest_route=%2Fwp%2Fv2%2Fcomments&post=6"}],"version-history":[{"count":118,"href":"https:\/\/www.jfwillms.de\/index.php?rest_route=\/wp\/v2\/pages\/6\/revisions"}],"predecessor-version":[{"id":2145,"href":"https:\/\/www.jfwillms.de\/index.php?rest_route=\/wp\/v2\/pages\/6\/revisions\/2145"}],"wp:attachment":[{"href":"https:\/\/www.jfwillms.de\/index.php?rest_route=%2Fwp%2Fv2%2Fmedia&parent=6"}],"curies":[{"name":"wp","href":"https:\/\/api.w.org\/{rel}","templated":true}]}}